{"id":355,"date":"2026-03-06T12:14:38","date_gmt":"2026-03-06T11:14:38","guid":{"rendered":"https:\/\/fruttoso.crea.gov.it\/?page_id=355"},"modified":"2026-03-16T12:50:26","modified_gmt":"2026-03-16T11:50:26","slug":"partners","status":"publish","type":"page","link":"https:\/\/fruttoso.crea.gov.it\/es\/partners\/","title":{"rendered":"I Partners"},"content":{"rendered":"\n<div class=\"wp-block-media-text is-stacked-on-mobile\" style=\"grid-template-columns:24% auto\"><figure class=\"wp-block-media-text__media\"><a href=\"http:\/\/crea.gov.it\" target=\"_blank\" rel=\" noreferrer noopener\"><img loading=\"lazy\" decoding=\"async\" width=\"350\" height=\"191\" src=\"https:\/\/fruttoso.crea.gov.it\/wp-content\/uploads\/2026\/02\/Logo-Crea-picc.png\" alt=\"\" class=\"wp-image-62 size-full\" srcset=\"https:\/\/fruttoso.crea.gov.it\/wp-content\/uploads\/2026\/02\/Logo-Crea-picc.png 350w, https:\/\/fruttoso.crea.gov.it\/wp-content\/uploads\/2026\/02\/Logo-Crea-picc-300x164.png 300w\" sizes=\"auto, (max-width: 350px) 100vw, 350px\" \/><\/a><\/figure><div class=\"wp-block-media-text__content\">\n<p class=\"has-ti-accent-color has-text-color has-link-color has-medium-font-size wp-elements-de6dfb0f5d4e8850b9230b22332504e1\" style=\"font-style:normal;font-weight:500\"><a href=\"http:\/\/crea.gov.it\" target=\"_blank\" rel=\"noreferrer noopener\"><strong>Capofila: CREA-IT Milano<\/strong><\/a><\/p>\n\n\n\n<p class=\"has-link-color wp-elements-03e02b7bef8d872bd47355592476cbf8\" style=\"font-size:clamp(14px, 0.875rem + ((1vw - 3.2px) * 0.122), 15px);font-style:normal;font-weight:500\">Il&nbsp;<a href=\"http:\/\/crea.gov.it\" data-type=\"link\" data-id=\"crea.gov.it\" target=\"_blank\" rel=\"noreferrer noopener\"><strong>CREA-Consiglio per la ricerca in agricoltura e l&#8217;analisi dell&#8217;economia agraria<\/strong><\/a> \u00e8 il principale ente di ricerca nazionale nell\u2019ambito agricolo, alimentare e agroindustriale. In particolare, il gruppo di ricerca della sede di Milano di Ingegneria e Trasformazioni agroalimentari \u00e8 specializzato nella valutazione della qualit\u00e0 chimico-fisica, biochimica e sensoriale dei prodotti ortofrutticoli, nella conservazione&nbsp;e&nbsp;trasformazione dei prodotti ortofrutticoli.&nbsp;<\/p>\n\n\n\n<p style=\"font-size:clamp(14px, 0.875rem + ((1vw - 3.2px) * 0.122), 15px);font-style:normal;font-weight:500\">&nbsp;All\u2019interno del progetto&nbsp;FRUTTOSO&nbsp;il CREA-IT di Milano,&nbsp;nel suo ruolo di capofila,&nbsp;coordina le attivit\u00e0 scientifiche e&nbsp;amministrative.&nbsp;\u00c8&nbsp;responsabile delle&nbsp;attivit\u00e0 di&nbsp;divulgazione del progetto,&nbsp;e&nbsp;si occupa&nbsp;dell\u2019applicazione di tecnologie non distruttive per il monitoraggio della qualit\u00e0 e della maturazione dei frutti.&nbsp;\u00c8&nbsp;coinvolto nella dimostrazione pratica di un impianto di essiccamento solare a pannelli fotovoltaici&nbsp;e nella preparazione di rondelle di mela essiccate con metodi convenzionali per i consumer test.&nbsp;<\/p>\n\n\n\n<figure class=\"wp-block-gallery has-nested-images columns-default is-cropped wp-block-gallery-1 is-layout-flex wp-block-gallery-is-layout-flex\">\n<figure class=\"wp-block-image size-large has-custom-border\"><img loading=\"lazy\" decoding=\"async\" width=\"310\" height=\"233\" data-id=\"679\" src=\"https:\/\/fruttoso.crea.gov.it\/wp-content\/uploads\/2026\/03\/Immagine1.png\" alt=\"\" class=\"wp-image-679\" style=\"border-top-left-radius:10px;border-top-right-radius:10px;border-bottom-left-radius:10px;border-bottom-right-radius:10px\" srcset=\"https:\/\/fruttoso.crea.gov.it\/wp-content\/uploads\/2026\/03\/Immagine1.png 310w, https:\/\/fruttoso.crea.gov.it\/wp-content\/uploads\/2026\/03\/Immagine1-300x225.png 300w\" sizes=\"auto, (max-width: 310px) 100vw, 310px\" \/><\/figure>\n\n\n\n<figure class=\"wp-block-image size-large has-custom-border\"><img loading=\"lazy\" decoding=\"async\" width=\"1024\" height=\"768\" data-id=\"717\" src=\"https:\/\/fruttoso.crea.gov.it\/wp-content\/uploads\/2026\/03\/IMG20231109115850-1024x768.jpg\" alt=\"\" class=\"wp-image-717\" style=\"border-top-left-radius:10px;border-top-right-radius:10px;border-bottom-left-radius:10px;border-bottom-right-radius:10px\" srcset=\"https:\/\/fruttoso.crea.gov.it\/wp-content\/uploads\/2026\/03\/IMG20231109115850-1024x768.jpg 1024w, https:\/\/fruttoso.crea.gov.it\/wp-content\/uploads\/2026\/03\/IMG20231109115850-300x225.jpg 300w, https:\/\/fruttoso.crea.gov.it\/wp-content\/uploads\/2026\/03\/IMG20231109115850-768x576.jpg 768w, https:\/\/fruttoso.crea.gov.it\/wp-content\/uploads\/2026\/03\/IMG20231109115850-1536x1152.jpg 1536w, https:\/\/fruttoso.crea.gov.it\/wp-content\/uploads\/2026\/03\/IMG20231109115850-2048x1536.jpg 2048w\" sizes=\"auto, (max-width: 1024px) 100vw, 1024px\" \/><\/figure>\n\n\n\n<figure class=\"wp-block-image size-large has-custom-border\"><img loading=\"lazy\" decoding=\"async\" width=\"1024\" height=\"576\" data-id=\"715\" src=\"https:\/\/fruttoso.crea.gov.it\/wp-content\/uploads\/2026\/03\/DSC_7107-1024x576.jpg\" alt=\"\" class=\"wp-image-715\" style=\"border-top-left-radius:10px;border-top-right-radius:10px;border-bottom-left-radius:10px;border-bottom-right-radius:10px\" srcset=\"https:\/\/fruttoso.crea.gov.it\/wp-content\/uploads\/2026\/03\/DSC_7107-1024x576.jpg 1024w, https:\/\/fruttoso.crea.gov.it\/wp-content\/uploads\/2026\/03\/DSC_7107-300x169.jpg 300w, https:\/\/fruttoso.crea.gov.it\/wp-content\/uploads\/2026\/03\/DSC_7107-768x432.jpg 768w, https:\/\/fruttoso.crea.gov.it\/wp-content\/uploads\/2026\/03\/DSC_7107-1536x864.jpg 1536w, https:\/\/fruttoso.crea.gov.it\/wp-content\/uploads\/2026\/03\/DSC_7107-2048x1152.jpg 2048w\" sizes=\"auto, (max-width: 1024px) 100vw, 1024px\" \/><\/figure>\n<\/figure>\n<\/div><\/div>\n\n\n\n<div style=\"height:43px\" aria-hidden=\"true\" class=\"wp-block-spacer\"><\/div>\n\n\n\n<p><\/p>\n\n\n\n<div class=\"wp-block-media-text is-stacked-on-mobile\" style=\"grid-template-columns:24% auto\"><figure class=\"wp-block-media-text__media\"><a href=\"https:\/\/www.fondazionefojanini.it\/\" target=\"_blank\" rel=\" noreferrer noopener\"><img loading=\"lazy\" decoding=\"async\" width=\"350\" height=\"208\" src=\"https:\/\/fruttoso.crea.gov.it\/wp-content\/uploads\/2026\/02\/Fojanini-ok-picc.png\" alt=\"\" class=\"wp-image-60 size-full\" srcset=\"https:\/\/fruttoso.crea.gov.it\/wp-content\/uploads\/2026\/02\/Fojanini-ok-picc.png 350w, https:\/\/fruttoso.crea.gov.it\/wp-content\/uploads\/2026\/02\/Fojanini-ok-picc-300x178.png 300w\" sizes=\"auto, (max-width: 350px) 100vw, 350px\" \/><\/a><\/figure><div class=\"wp-block-media-text__content\">\n<p class=\"has-ti-accent-color has-text-color has-link-color has-medium-font-size wp-elements-f57f71383f781126aaa27a23e9d08ba2\" style=\"font-style:normal;font-weight:500\"><a href=\"https:\/\/www.fondazionefojanini.it\/\"><strong>Fondazione&nbsp;Fojanini<\/strong><\/a><\/p>\n\n\n\n<p class=\"has-link-color wp-elements-bba0ef1690ce895c86c205197c867464\" style=\"font-size:clamp(14px, 0.875rem + ((1vw - 3.2px) * 0.122), 15px);font-style:normal;font-weight:500\">La <strong><a href=\"https:\/\/www.fondazionefojanini.it\/\">Fondazione dott. Piero&nbsp;Fojanini&nbsp;di Studi Superiori<\/a><\/strong>, costituita nel 1971, ha come obiettivo la realizzazione di attivit\u00e0 destinate alla valorizzazione e al potenziamento della ricerca scientifica nelle discipline agrarie ed ambientali e all&#8217;assistenza tecnica in agricoltura in provincia di Sondrio. I settori di attivit\u00e0 sono: la viticoltura, la frutticoltura, la&nbsp;foraggicoltura, l\u2019apicoltura, l\u2019alpicoltura, l\u2019enologia, l\u2019ecologia alpina. Sono offerti servizi di: ricerca e sperimentazione applicata, formazione e didattica, assistenza tecnica e fitosanitaria, servizi di analisi del terreno, fogliare e gestione dell\u2019irrigazione, monitoraggio ambientale.&nbsp;&nbsp;<\/p>\n\n\n\n<p class=\"has-link-color wp-elements-76decbd85bc6e3476ec934a5c4adc394\" style=\"font-size:clamp(14px, 0.875rem + ((1vw - 3.2px) * 0.122), 15px);font-style:normal;font-weight:500\">All\u2019interno del progetto&nbsp;La Fondazione&nbsp;\u00e8 responsabile delle attivit\u00e0 di dimostrazione&nbsp;dell\u2019utilizzo di tecniche agronomiche innovative per la gestione dell\u2019irrigazione e dei trattamenti fitosanitari&nbsp;e&nbsp;collaborer\u00e0 alle fasi di divulgazione dei risultati,&nbsp;grazie all\u2019ampia platea di interlocutori con cui si relaziona e con cui collabora.&nbsp;<\/p>\n\n\n\n<figure class=\"wp-block-gallery has-nested-images columns-default is-cropped wp-block-gallery-2 is-layout-flex wp-block-gallery-is-layout-flex\">\n<figure class=\"wp-block-image size-large has-custom-border\"><img loading=\"lazy\" decoding=\"async\" width=\"1024\" height=\"768\" data-id=\"262\" src=\"https:\/\/fruttoso.crea.gov.it\/wp-content\/uploads\/2026\/03\/IMG_4817-1024x768.jpg\" alt=\"\" class=\"wp-image-262\" style=\"border-top-left-radius:10px;border-top-right-radius:10px;border-bottom-left-radius:10px;border-bottom-right-radius:10px\" srcset=\"https:\/\/fruttoso.crea.gov.it\/wp-content\/uploads\/2026\/03\/IMG_4817-1024x768.jpg 1024w, https:\/\/fruttoso.crea.gov.it\/wp-content\/uploads\/2026\/03\/IMG_4817-300x225.jpg 300w, https:\/\/fruttoso.crea.gov.it\/wp-content\/uploads\/2026\/03\/IMG_4817-768x576.jpg 768w, https:\/\/fruttoso.crea.gov.it\/wp-content\/uploads\/2026\/03\/IMG_4817-1536x1152.jpg 1536w, https:\/\/fruttoso.crea.gov.it\/wp-content\/uploads\/2026\/03\/IMG_4817-2048x1536.jpg 2048w\" sizes=\"auto, (max-width: 1024px) 100vw, 1024px\" \/><\/figure>\n\n\n\n<figure class=\"wp-block-image size-large has-custom-border\"><img loading=\"lazy\" decoding=\"async\" width=\"768\" height=\"1024\" data-id=\"265\" src=\"https:\/\/fruttoso.crea.gov.it\/wp-content\/uploads\/2026\/03\/IMG_4867-768x1024.jpg\" alt=\"\" class=\"wp-image-265\" style=\"border-top-left-radius:10px;border-top-right-radius:10px;border-bottom-left-radius:10px;border-bottom-right-radius:10px\" srcset=\"https:\/\/fruttoso.crea.gov.it\/wp-content\/uploads\/2026\/03\/IMG_4867-768x1024.jpg 768w, https:\/\/fruttoso.crea.gov.it\/wp-content\/uploads\/2026\/03\/IMG_4867-225x300.jpg 225w, https:\/\/fruttoso.crea.gov.it\/wp-content\/uploads\/2026\/03\/IMG_4867-1152x1536.jpg 1152w, https:\/\/fruttoso.crea.gov.it\/wp-content\/uploads\/2026\/03\/IMG_4867-1536x2048.jpg 1536w, https:\/\/fruttoso.crea.gov.it\/wp-content\/uploads\/2026\/03\/IMG_4867-scaled.jpg 1920w\" sizes=\"auto, (max-width: 768px) 100vw, 768px\" \/><\/figure>\n\n\n\n<figure class=\"wp-block-image size-large has-custom-border\"><img loading=\"lazy\" decoding=\"async\" width=\"768\" height=\"1024\" data-id=\"266\" src=\"https:\/\/fruttoso.crea.gov.it\/wp-content\/uploads\/2026\/03\/IMG_5164-768x1024.jpg\" alt=\"\" class=\"wp-image-266\" style=\"border-top-left-radius:10px;border-top-right-radius:10px;border-bottom-left-radius:10px;border-bottom-right-radius:10px\" srcset=\"https:\/\/fruttoso.crea.gov.it\/wp-content\/uploads\/2026\/03\/IMG_5164-768x1024.jpg 768w, https:\/\/fruttoso.crea.gov.it\/wp-content\/uploads\/2026\/03\/IMG_5164-225x300.jpg 225w, https:\/\/fruttoso.crea.gov.it\/wp-content\/uploads\/2026\/03\/IMG_5164-1152x1536.jpg 1152w, https:\/\/fruttoso.crea.gov.it\/wp-content\/uploads\/2026\/03\/IMG_5164-1536x2048.jpg 1536w, https:\/\/fruttoso.crea.gov.it\/wp-content\/uploads\/2026\/03\/IMG_5164-scaled.jpg 1920w\" sizes=\"auto, (max-width: 768px) 100vw, 768px\" \/><\/figure>\n<\/figure>\n<\/div><\/div>\n\n\n\n<div style=\"height:49px\" aria-hidden=\"true\" class=\"wp-block-spacer\"><\/div>\n\n\n\n<p><\/p>\n\n\n\n<p><\/p>\n\n\n\n<div class=\"wp-block-media-text is-stacked-on-mobile\" style=\"grid-template-columns:24% auto\"><figure class=\"wp-block-media-text__media\"><a href=\"https:\/\/www.ifn.cnr.it\" target=\"_blank\" rel=\" noreferrer noopener\"><img loading=\"lazy\" decoding=\"async\" width=\"350\" height=\"75\" src=\"https:\/\/fruttoso.crea.gov.it\/wp-content\/uploads\/2026\/02\/Logo-CNR-IFN-blu-picc.png\" alt=\"\" class=\"wp-image-71 size-full\" srcset=\"https:\/\/fruttoso.crea.gov.it\/wp-content\/uploads\/2026\/02\/Logo-CNR-IFN-blu-picc.png 350w, https:\/\/fruttoso.crea.gov.it\/wp-content\/uploads\/2026\/02\/Logo-CNR-IFN-blu-picc-300x64.png 300w\" sizes=\"auto, (max-width: 350px) 100vw, 350px\" \/><\/a><\/figure><div class=\"wp-block-media-text__content\">\n<p class=\"has-ti-accent-color has-text-color has-link-color has-medium-font-size wp-elements-e3b42dfbf9a15e34488af68f80ed3d6c\" style=\"font-style:normal;font-weight:500\"><a href=\"https:\/\/www.ifn.cnr.it\" target=\"_blank\" rel=\"noreferrer noopener\"><strong>CNR-IFN <\/strong><\/a><\/p>\n\n\n\n<p class=\"has-link-color wp-elements-656a51522b410a76b9eb3c68f4db9183\" style=\"margin-top:var(--wp--preset--spacing--20);margin-bottom:var(--wp--preset--spacing--20);font-size:clamp(14px, 0.875rem + ((1vw - 3.2px) * 0.122), 15px);font-style:normal;font-weight:500\"><a href=\"https:\/\/www.ifn.cnr.it\" data-type=\"link\" data-id=\"https:\/\/www.ifn.cnr.it\" target=\"_blank\" rel=\"noreferrer noopener\"><strong>L\u2019Istituto di Fotonica e Nanotecnologie<\/strong><\/a> \u00e8 nato dall\u2019unificazione di tre organi CNR operanti nel campo delle nanotecnologie e dei materiali e dispositivi avanzati per fotonica ed elettronica: il Centro di Elettronica Quantistica e Strumentazione Elettronica (CEQSE) di Milano, il Centro di Fisica degli Stati Aggregati (CeFSA) di Trento, l\u2019Istituto di Elettronica dello Stato Solido (IESS) di Roma. In particolare, la Sezione di Milano occupa, da oltre trent\u2019anni, una posizione di assoluto rilievo in campo internazionale nel settore della Fotonica. I campi pi\u00f9 importanti in cui ha operato ed opera sono:&nbsp;&nbsp;<\/p>\n\n\n\n<p class=\"has-link-color wp-elements-7af7809dbb6f2c4895ba17068a503f70\" style=\"margin-top:var(--wp--preset--spacing--20);margin-bottom:var(--wp--preset--spacing--20);font-size:clamp(14px, 0.875rem + ((1vw - 3.2px) * 0.122), 15px);font-style:normal;font-weight:500\">(1) Fisica e tecnologia di sorgenti laser a stato solido e di dispositivi attivi e passivi in guida d\u2019onda.&nbsp;&nbsp;<\/p>\n\n\n\n<p class=\"has-link-color wp-elements-deb44e10bd2d940da5f2e726941b78c8\" style=\"margin-top:var(--wp--preset--spacing--20);margin-bottom:var(--wp--preset--spacing--20);font-size:clamp(14px, 0.875rem + ((1vw - 3.2px) * 0.122), 15px);font-style:normal;font-weight:500\">(2) Applicazioni della luce laser in campo medico e biologico.&nbsp;&nbsp;<\/p>\n\n\n\n<p class=\"has-link-color wp-elements-3afb2a6b5953c39a88d7db036f87acf3\" style=\"margin-top:var(--wp--preset--spacing--20);margin-bottom:var(--wp--preset--spacing--20);font-size:clamp(14px, 0.875rem + ((1vw - 3.2px) * 0.122), 15px);font-style:normal;font-weight:500\">(3) Fisica e tecnologie delle sorgenti laser ad impulsi ultracorti.&nbsp;&nbsp;<\/p>\n\n\n\n<p class=\"has-link-color wp-elements-7c559cc6ca3ce6695b75811141fe67e2\" style=\"margin-top:var(--wp--preset--spacing--20);margin-bottom:var(--wp--preset--spacing--20);font-size:clamp(14px, 0.875rem + ((1vw - 3.2px) * 0.122), 15px);font-style:normal;font-weight:500\">(4) Sviluppo di rivelatori di radiazione elettromagnetica particolarmente innovativi.&nbsp;&nbsp;<\/p>\n\n\n\n<p class=\"has-link-color wp-elements-8e2d47618243bbb735606822dffd18c8\" style=\"margin-top:var(--wp--preset--spacing--20);margin-bottom:var(--wp--preset--spacing--20);font-size:clamp(14px, 0.875rem + ((1vw - 3.2px) * 0.122), 15px);font-style:normal;font-weight:500\">Nel progetto CNR-IFN \u00e8 responsabile della&nbsp;dimostrazione&nbsp;dell\u2019uso in campo di tecniche non distruttive per la valutazione della qualit\u00e0 dei frutti, in particolare&nbsp;di una&nbsp;strumentazione portatile per misure di spettroscopia ottica diffusa nel vicino infrarosso risolta nel tempo (NIRSBOX).&nbsp;<\/p>\n\n\n\n<figure class=\"wp-block-gallery has-nested-images columns-default is-cropped wp-block-gallery-3 is-layout-flex wp-block-gallery-is-layout-flex\">\n<figure class=\"wp-block-image size-full is-resized has-custom-border is-style-default\"><img loading=\"lazy\" decoding=\"async\" width=\"622\" height=\"482\" data-id=\"325\" src=\"https:\/\/fruttoso.crea.gov.it\/wp-content\/uploads\/2026\/03\/cnr-1-1.jpg\" alt=\"\" class=\"wp-image-325\" style=\"border-top-left-radius:10px;border-top-right-radius:10px;border-bottom-left-radius:10px;border-bottom-right-radius:10px;width:228px;height:auto\" srcset=\"https:\/\/fruttoso.crea.gov.it\/wp-content\/uploads\/2026\/03\/cnr-1-1.jpg 622w, https:\/\/fruttoso.crea.gov.it\/wp-content\/uploads\/2026\/03\/cnr-1-1-300x232.jpg 300w\" sizes=\"auto, (max-width: 622px) 100vw, 622px\" \/><\/figure>\n\n\n\n<figure class=\"wp-block-image size-large is-resized has-custom-border\" style=\"margin-right:0;margin-left:0\"><img loading=\"lazy\" decoding=\"async\" width=\"342\" height=\"368\" data-id=\"635\" src=\"https:\/\/fruttoso.crea.gov.it\/wp-content\/uploads\/2026\/03\/cnr-2-2.jpg\" alt=\"\" class=\"wp-image-635\" style=\"border-top-left-radius:10px;border-top-right-radius:10px;border-bottom-left-radius:10px;border-bottom-right-radius:10px;width:176px;height:auto\" srcset=\"https:\/\/fruttoso.crea.gov.it\/wp-content\/uploads\/2026\/03\/cnr-2-2.jpg 342w, https:\/\/fruttoso.crea.gov.it\/wp-content\/uploads\/2026\/03\/cnr-2-2-279x300.jpg 279w\" sizes=\"auto, (max-width: 342px) 100vw, 342px\" \/><\/figure>\n<\/figure>\n<\/div><\/div>\n\n\n\n<div style=\"height:47px\" aria-hidden=\"true\" class=\"wp-block-spacer\"><\/div>\n\n\n\n<p><\/p>\n\n\n\n<div class=\"wp-block-media-text is-stacked-on-mobile\" style=\"grid-template-columns:25% auto\"><figure class=\"wp-block-media-text__media\"><a href=\"https:\/\/www.dig.polimi.it\/it\" target=\"_blank\" rel=\" noreferrer noopener\"><img loading=\"lazy\" decoding=\"async\" width=\"396\" height=\"263\" src=\"https:\/\/fruttoso.crea.gov.it\/wp-content\/uploads\/2026\/02\/logo-DIG_VERT__BLU.png\" alt=\"\" class=\"wp-image-77 size-full\" srcset=\"https:\/\/fruttoso.crea.gov.it\/wp-content\/uploads\/2026\/02\/logo-DIG_VERT__BLU.png 396w, https:\/\/fruttoso.crea.gov.it\/wp-content\/uploads\/2026\/02\/logo-DIG_VERT__BLU-300x199.png 300w\" sizes=\"auto, (max-width: 396px) 100vw, 396px\" \/><\/a><\/figure><div class=\"wp-block-media-text__content\">\n<p class=\"has-link-color has-medium-font-size wp-elements-ac27384ad876f37e80ed3d99a9fea4e5\" style=\"font-style:normal;font-weight:500\"><a href=\"https:\/\/www.dig.polimi.it\/it\" target=\"_blank\" rel=\"noreferrer noopener\"><strong>POLIMI-DIG <\/strong><\/a><\/p>\n\n\n\n<p class=\"has-link-color wp-elements-2392062b4289eab1e465f5616bc4db88\" style=\"margin-top:var(--wp--preset--spacing--20);margin-bottom:var(--wp--preset--spacing--20);font-size:clamp(14px, 0.875rem + ((1vw - 3.2px) * 0.122), 15px);font-style:normal;font-weight:500\">Il Politecnico di Milano \u00e8 una delle principali universit\u00e0 tecniche in Europa, fondata nel 1863 e riconosciuta a livello internazionale per l\u2019eccellenza nella ricerca e nella formazione. \u00c8 attualmente tra le prime universit\u00e0 al mondo per ingegneria e tecnologia. Nell\u2019ambito del progetto FRUTTOSO, il Politecnico di Milano \u00e8 coinvolto attraverso il  Dipartimento di Ingegneria Gestionale,  <a href=\"https:\/\/www.dig.polimi.it\/it\" data-type=\"link\" data-id=\"https:\/\/www.dig.polimi.it\/it\" target=\"_blank\" rel=\"noreferrer noopener\"><strong>POLIMI-DIG, Dipartimento di Ingegneria Gestionale<\/strong><\/a>.&nbsp;All\u2019interno del progetto, il contributo del Dipartimento si sviluppa lungo due direttrici principali. Da un lato, l\u2019analisi di fattibilit\u00e0 economica, finalizzata a valutare la sostenibilit\u00e0 delle soluzioni proposte e a supportare le decisioni strategiche dei partner. Dall\u2019altro, la progettazione e realizzazione di test sui consumatori finali, con l\u2019obiettivo di analizzare l\u2019accettazione dei nuovi prodotti, comprenderne l\u2019impatto sull\u2019esperienza utente e raccogliere evidenze utili all\u2019ottimizzazione delle soluzioni sviluppate&nbsp;All\u2019interno del progetto si occupa di&nbsp;valutare la risposta dei consumatori verso le nuove variet\u00e0 di mele e i prodotti trasformati&nbsp;tramite consumer test e di analizzare i vantaggi economici derivanti dall\u2019adozione delle tecnologie&nbsp;innovative&nbsp;proposte.<\/p>\n\n\n\n<figure class=\"wp-block-gallery has-nested-images columns-default is-cropped wp-block-gallery-4 is-layout-flex wp-block-gallery-is-layout-flex\">\n<figure class=\"wp-block-image size-large has-custom-border is-style-default\"><img loading=\"lazy\" decoding=\"async\" width=\"1024\" height=\"682\" data-id=\"678\" src=\"https:\/\/fruttoso.crea.gov.it\/wp-content\/uploads\/2026\/03\/Senza-titolo1-1-1024x682.jpg\" alt=\"\" class=\"wp-image-678\" style=\"border-top-left-radius:10px;border-top-right-radius:10px;border-bottom-left-radius:10px;border-bottom-right-radius:10px\" srcset=\"https:\/\/fruttoso.crea.gov.it\/wp-content\/uploads\/2026\/03\/Senza-titolo1-1-1024x682.jpg 1024w, https:\/\/fruttoso.crea.gov.it\/wp-content\/uploads\/2026\/03\/Senza-titolo1-1-300x200.jpg 300w, https:\/\/fruttoso.crea.gov.it\/wp-content\/uploads\/2026\/03\/Senza-titolo1-1-768x512.jpg 768w, https:\/\/fruttoso.crea.gov.it\/wp-content\/uploads\/2026\/03\/Senza-titolo1-1-1536x1024.jpg 1536w, https:\/\/fruttoso.crea.gov.it\/wp-content\/uploads\/2026\/03\/Senza-titolo1-1.jpg 2000w\" sizes=\"auto, (max-width: 1024px) 100vw, 1024px\" \/><\/figure>\n\n\n\n<figure class=\"wp-block-image size-large has-custom-border is-style-default\"><img loading=\"lazy\" decoding=\"async\" width=\"1024\" height=\"682\" data-id=\"677\" src=\"https:\/\/fruttoso.crea.gov.it\/wp-content\/uploads\/2026\/03\/Senza-titolo2-1-1024x682.jpg\" alt=\"\" class=\"wp-image-677\" style=\"border-top-left-radius:10px;border-top-right-radius:10px;border-bottom-left-radius:10px;border-bottom-right-radius:10px\" srcset=\"https:\/\/fruttoso.crea.gov.it\/wp-content\/uploads\/2026\/03\/Senza-titolo2-1-1024x682.jpg 1024w, https:\/\/fruttoso.crea.gov.it\/wp-content\/uploads\/2026\/03\/Senza-titolo2-1-300x200.jpg 300w, https:\/\/fruttoso.crea.gov.it\/wp-content\/uploads\/2026\/03\/Senza-titolo2-1-768x512.jpg 768w, https:\/\/fruttoso.crea.gov.it\/wp-content\/uploads\/2026\/03\/Senza-titolo2-1-1536x1024.jpg 1536w, https:\/\/fruttoso.crea.gov.it\/wp-content\/uploads\/2026\/03\/Senza-titolo2-1.jpg 2000w\" sizes=\"auto, (max-width: 1024px) 100vw, 1024px\" \/><\/figure>\n\n\n\n<figure class=\"wp-block-image size-medium has-custom-border is-style-default\"><img loading=\"lazy\" decoding=\"async\" width=\"300\" height=\"200\" data-id=\"676\" src=\"https:\/\/fruttoso.crea.gov.it\/wp-content\/uploads\/2026\/03\/Senza-titolo-1-300x200.jpg\" alt=\"\" class=\"wp-image-676\" style=\"border-top-left-radius:10px;border-top-right-radius:10px;border-bottom-left-radius:10px;border-bottom-right-radius:10px\" srcset=\"https:\/\/fruttoso.crea.gov.it\/wp-content\/uploads\/2026\/03\/Senza-titolo-1-300x200.jpg 300w, https:\/\/fruttoso.crea.gov.it\/wp-content\/uploads\/2026\/03\/Senza-titolo-1-1024x684.jpg 1024w, https:\/\/fruttoso.crea.gov.it\/wp-content\/uploads\/2026\/03\/Senza-titolo-1-768x513.jpg 768w, https:\/\/fruttoso.crea.gov.it\/wp-content\/uploads\/2026\/03\/Senza-titolo-1-1536x1026.jpg 1536w, https:\/\/fruttoso.crea.gov.it\/wp-content\/uploads\/2026\/03\/Senza-titolo-1-2048x1368.jpg 2048w\" sizes=\"auto, (max-width: 300px) 100vw, 300px\" \/><\/figure>\n<\/figure>\n<\/div><\/div>\n\n\n\n<div style=\"height:56px\" aria-hidden=\"true\" class=\"wp-block-spacer\"><\/div>\n","protected":false},"excerpt":{"rendered":"<p>Capofila: CREA-IT Milano Il&nbsp;CREA-Consiglio per la ricerca in agricoltura e l&#8217;analisi dell&#8217;economia agraria \u00e8 il principale ente di ricerca nazionale nell\u2019ambito agricolo, alimentare e agroindustriale. In particolare, il gruppo di ricerca della sede di Milano di Ingegneria e Trasformazioni agroalimentari \u00e8 specializzato nella valutazione della qualit\u00e0 chimico-fisica, biochimica e sensoriale dei prodotti ortofrutticoli, nella conservazione&nbsp;e&nbsp;trasformazione [&hellip;]<\/p>\n","protected":false},"author":1,"featured_media":0,"parent":0,"menu_order":0,"comment_status":"closed","ping_status":"closed","template":"","meta":{"footnotes":""},"class_list":["post-355","page","type-page","status-publish","hentry"],"_links":{"self":[{"href":"https:\/\/fruttoso.crea.gov.it\/es\/wp-json\/wp\/v2\/pages\/355","targetHints":{"allow":["GET"]}}],"collection":[{"href":"https:\/\/fruttoso.crea.gov.it\/es\/wp-json\/wp\/v2\/pages"}],"about":[{"href":"https:\/\/fruttoso.crea.gov.it\/es\/wp-json\/wp\/v2\/types\/page"}],"author":[{"embeddable":true,"href":"https:\/\/fruttoso.crea.gov.it\/es\/wp-json\/wp\/v2\/users\/1"}],"replies":[{"embeddable":true,"href":"https:\/\/fruttoso.crea.gov.it\/es\/wp-json\/wp\/v2\/comments?post=355"}],"version-history":[{"count":33,"href":"https:\/\/fruttoso.crea.gov.it\/es\/wp-json\/wp\/v2\/pages\/355\/revisions"}],"predecessor-version":[{"id":719,"href":"https:\/\/fruttoso.crea.gov.it\/es\/wp-json\/wp\/v2\/pages\/355\/revisions\/719"}],"wp:attachment":[{"href":"https:\/\/fruttoso.crea.gov.it\/es\/wp-json\/wp\/v2\/media?parent=355"}],"curies":[{"name":"wp","href":"https:\/\/api.w.org\/{rel}","templated":true}]}}