{"id":88,"date":"2026-03-02T11:44:13","date_gmt":"2026-03-02T10:44:13","guid":{"rendered":"https:\/\/fruttoso.crea.gov.it\/?page_id=88"},"modified":"2026-03-17T09:05:58","modified_gmt":"2026-03-17T08:05:58","slug":"fruttoso","status":"publish","type":"page","link":"https:\/\/fruttoso.crea.gov.it\/de\/","title":{"rendered":"FRUTTOSO"},"content":{"rendered":"\n<p>Introduzione<\/p>\n\n\n\n<p>L&#8217;intervento SRH05, finanziato nel Complemento per lo Sviluppo Rurale 2023-2027 della Regione Lombardia, punta a migliorare l&#8217;orientamento al mercato e la competitivit\u00e0 delle aziende agricole nel breve e lungo periodo, attraverso la ricerca e la digitalizzazione.<\/p>\n\n\n\n<p>In questo contesto, il progetto FRUTTOSO promuove la diffusione di conoscenze mediante azioni dimostrative e informative su nuove tecniche agronomiche, metodi non distruttivi per il controllo qualit\u00e0 dei prodotti e soluzioni innovative per la diversificazione della produzione. L&#8217;obiettivo \u00e8 quello di migliorare la competitivit\u00e0 e l&#8217;orientamento al mercato delle aziende agricole valtellinesi.<\/p>\n\n\n\n<p>Il progetto, iniziato il 23 dicembre 2025 e della durata di 18 mesi, \u00e8 coordinato da CREA-Centro di ricerca ingegneria e trasformazioni agroalimentari di Milano. I partner sono: la fondazione Fojanini di studi superiori di Sondrio, il CNR-Istituto di fotonica e nanotecnologie di Milano e il Dipartimento di Ingegneria Gestionale del Politecnico di Milano.<\/p>\n\n\n\n<p>Il sostegno finanziario ricevuto dal progetto FRUTTOSO \u00e8 pari a 158.494,40 \u20ac di spesa pubblica totale (di cui 64.507,22 \u20ac di cofinanziamento dell&#8217;Unione Europea; 65.791,03 \u20ac di cofinanziamento nazionale; 28.196,15 \u20ac di cofinanziamento regionale).<\/p>\n\n\n\n<p>Per maggiori informazioni sulle opportunit\u00e0 di finanziamento, visita il sito dedicato al FEASR della Regione Lombardia <a href=\"https:\/\/psr.regione.lombardia.it\/it\/pc2127\/psr-2023-2027?fbclid=IwZXh0bgNhZW0CMTAAYnJpZBEwWTAyZzlYbnpqY0trdEFYaHNydGMGYXBwX2lkEDIyMjAzOTE3ODgyMDA4OTIAAR7rXS4F65wrgX10iKIkkSbIazNEevHNfH_fTCveWAd5YjBq6FSecFsyH1qiQA_aem_u0VCeYUMuRuun-tMuaw5jg\" target=\"_blank\" rel=\"noreferrer noopener\"><strong>https:\/\/psr.regione.lombardia.it\/it\/pc2127\/psr-2023-2027<\/strong><\/a> e della Commissione europea <a href=\"https:\/\/agriculture.ec.europa.eu\/common-agricultural-policy\/ruraldevelopment_it\" target=\"_blank\" rel=\"noreferrer noopener\"><\/a><strong><a href=\"https:\/\/agriculture.ec.europa.eu\/cap-my-country\/rural-development_it\" data-type=\"link\" data-id=\"https:\/\/agriculture.ec.europa.eu\/cap-my-country\/rural-development_it\">Sviluppo rurale &#8211; Agricoltura e sviluppo rurale &#8211; Commissione europea<\/a><\/strong><\/p>\n\n\n\n<p><\/p>\n\n\n\n<figure class=\"wp-block-image size-large\"><a href=\"https:\/\/psr.regione.lombardia.it\"><img loading=\"lazy\" decoding=\"async\" width=\"1024\" height=\"159\" src=\"https:\/\/fruttoso.crea.gov.it\/wp-content\/uploads\/2026\/02\/fascia-PSRtesto-1024x159.jpg\" alt=\"\" class=\"wp-image-45\" srcset=\"https:\/\/fruttoso.crea.gov.it\/wp-content\/uploads\/2026\/02\/fascia-PSRtesto-1024x159.jpg 1024w, https:\/\/fruttoso.crea.gov.it\/wp-content\/uploads\/2026\/02\/fascia-PSRtesto-300x47.jpg 300w, https:\/\/fruttoso.crea.gov.it\/wp-content\/uploads\/2026\/02\/fascia-PSRtesto-768x119.jpg 768w, https:\/\/fruttoso.crea.gov.it\/wp-content\/uploads\/2026\/02\/fascia-PSRtesto-1536x239.jpg 1536w, https:\/\/fruttoso.crea.gov.it\/wp-content\/uploads\/2026\/02\/fascia-PSRtesto-2048x319.jpg 2048w\" sizes=\"auto, (max-width: 1024px) 100vw, 1024px\" \/><\/a><\/figure>\n","protected":false},"excerpt":{"rendered":"<p>Introduzione L&#8217;intervento SRH05, finanziato nel Complemento per lo Sviluppo Rurale 2023-2027 della Regione Lombardia, punta a migliorare l&#8217;orientamento al mercato e la competitivit\u00e0 delle aziende agricole nel breve e lungo periodo, attraverso la ricerca e la digitalizzazione. In questo contesto, il progetto FRUTTOSO promuove la diffusione di conoscenze mediante azioni dimostrative e informative su nuove [&hellip;]<\/p>\n","protected":false},"author":1,"featured_media":49,"parent":0,"menu_order":0,"comment_status":"closed","ping_status":"closed","template":"","meta":{"footnotes":""},"class_list":["post-88","page","type-page","status-publish","has-post-thumbnail","hentry"],"_links":{"self":[{"href":"https:\/\/fruttoso.crea.gov.it\/de\/wp-json\/wp\/v2\/pages\/88","targetHints":{"allow":["GET"]}}],"collection":[{"href":"https:\/\/fruttoso.crea.gov.it\/de\/wp-json\/wp\/v2\/pages"}],"about":[{"href":"https:\/\/fruttoso.crea.gov.it\/de\/wp-json\/wp\/v2\/types\/page"}],"author":[{"embeddable":true,"href":"https:\/\/fruttoso.crea.gov.it\/de\/wp-json\/wp\/v2\/users\/1"}],"replies":[{"embeddable":true,"href":"https:\/\/fruttoso.crea.gov.it\/de\/wp-json\/wp\/v2\/comments?post=88"}],"version-history":[{"count":6,"href":"https:\/\/fruttoso.crea.gov.it\/de\/wp-json\/wp\/v2\/pages\/88\/revisions"}],"predecessor-version":[{"id":749,"href":"https:\/\/fruttoso.crea.gov.it\/de\/wp-json\/wp\/v2\/pages\/88\/revisions\/749"}],"wp:featuredmedia":[{"embeddable":true,"href":"https:\/\/fruttoso.crea.gov.it\/de\/wp-json\/wp\/v2\/media\/49"}],"wp:attachment":[{"href":"https:\/\/fruttoso.crea.gov.it\/de\/wp-json\/wp\/v2\/media?parent=88"}],"curies":[{"name":"wp","href":"https:\/\/api.w.org\/{rel}","templated":true}]}}